{"id":1507,"date":"2019-04-05T12:47:12","date_gmt":"2019-04-05T10:47:12","guid":{"rendered":"http:\/\/toideurope.eu\/?page_id=1507"},"modified":"2023-07-07T16:12:17","modified_gmt":"2023-07-07T14:12:17","slug":"projections-toi-deurope","status":"publish","type":"page","link":"http:\/\/toideurope.eu\/index.php\/projections-toi-deurope\/","title":{"rendered":"DOCUMENTARY TOUR"},"content":{"rendered":"<p><img loading=\"lazy\" class=\"aligncenter wp-image-1508\" src=\"http:\/\/toideurope.eu\/wp-content\/uploads\/2019\/04\/56268534_2304409446466294_7484024961896546304_n-700x700.jpg\" alt=\"\" width=\"279\" height=\"279\" srcset=\"http:\/\/toideurope.eu\/wp-content\/uploads\/2019\/04\/56268534_2304409446466294_7484024961896546304_n-700x700.jpg 700w, http:\/\/toideurope.eu\/wp-content\/uploads\/2019\/04\/56268534_2304409446466294_7484024961896546304_n-150x150.jpg 150w, http:\/\/toideurope.eu\/wp-content\/uploads\/2019\/04\/56268534_2304409446466294_7484024961896546304_n-300x300.jpg 300w, http:\/\/toideurope.eu\/wp-content\/uploads\/2019\/04\/56268534_2304409446466294_7484024961896546304_n-768x768.jpg 768w, http:\/\/toideurope.eu\/wp-content\/uploads\/2019\/04\/56268534_2304409446466294_7484024961896546304_n-120x120.jpg 120w, http:\/\/toideurope.eu\/wp-content\/uploads\/2019\/04\/56268534_2304409446466294_7484024961896546304_n.jpg 960w\" sizes=\"(max-width: 279px) 100vw, 279px\" \/><\/p>\n<p>Toi d&rsquo;Europe part une nouvelle fois sur la route avec des projections partout en Europe. Retrouvez-nous en France et partout en Europe afin de faire d\u00e9couvrir notre documentaire et les attentes des jeunes sur l&rsquo;Union Europ\u00e9enne.<\/p>\n<p style=\"text-align: center;\">&#8230;..<\/p>\n<h3 style=\"text-align: center;\">Vous n&rsquo;avez pas trouv\u00e9 votre ville ? Nous restons \u00e0 la recherche de lieux afin de projeter notre documentaire. N&rsquo;h\u00e9sitez pas \u00e0 nous contacter par mail <em>toideurope@gmail.com<\/em> si vous souhaitez organiser une retransmission du documentaire.<\/h3>\n<p>Venez d\u00e9couvrir la bande annonce :<\/p>\n<p><iframe loading=\"lazy\" title=\"BANDE ANNONCE   - Et vous, quelle est votre union de demain?\" width=\"640\" height=\"360\" src=\"https:\/\/www.youtube.com\/embed\/Af82-VGAMFE?feature=oembed\" frameborder=\"0\" allow=\"accelerometer; autoplay; clipboard-write; encrypted-media; gyroscope; picture-in-picture; web-share\" allowfullscreen><\/iframe><\/p>\n<h3><\/h3>\n<h3 style=\"text-align: center;\">Prochaines projections<\/h3>\n<p style=\"text-align: center;\">&#8230;&#8230;&#8230;&#8230;&#8230;&#8230;&#8230;&#8230;..<\/p>\n<h3 style=\"text-align: center;\">Projections pass\u00e9es<\/h3>\n<h3 style=\"text-align: center;\"><\/h3>\n<p style=\"text-align: center;\">8 APRIL ** <strong>BUCHAREST<\/strong> ** (ROUMANIE)<\/p>\n<p style=\"text-align: center;\">Institut Francais &#8211; <a href=\"https:\/\/www.facebook.com\/events\/441665236575028\/\">Facebook<\/a><\/p>\n<p style=\"text-align: center;\">10 APRIL ** <strong>POTSDAM<\/strong> ** (GERMANY)<\/p>\n<p style=\"text-align: center;\">JEF Potsdam &#8211; <a href=\"https:\/\/www.facebook.com\/events\/2248329295428218\/\">Facebook<\/a><\/p>\n<p style=\"text-align: center;\">12 APRIL **\u00a0<strong>MAGDEBURG\u00a0<\/strong>** (GERMANY)<\/p>\n<p style=\"text-align: center;\">JEF Magdeburg &#8211; <a href=\"https:\/\/www.facebook.com\/events\/835211903505298\/\">Facebook<\/a><\/p>\n<p style=\"text-align: center;\">15 APRIL ** <strong>HAMBOURG<\/strong> ** (GERMANY)<\/p>\n<p style=\"text-align: center;\">Institut Francais d&rsquo;Hambourg &#8211; <a href=\"https:\/\/www.facebook.com\/events\/306080183329169\/\">Facebook<\/a><\/p>\n<p style=\"text-align: center;\">27 APRIL ** <b>DOUARNENEZ<\/b>** (FRANCE)<\/p>\n<p style=\"text-align: center;\">Bar Le Mercure &#8211; <a href=\"https:\/\/www.facebook.com\/events\/441665236575028\/\">Facebook<\/a><\/p>\n<p style=\"text-align: center;\">3 MAY **<strong>MARSEILLE<\/strong>** (FRANCE)<\/p>\n<p style=\"text-align: center;\">Les 24h de la citoyennet\u00e9, Eurocircle &#8211; <a href=\"https:\/\/www.facebook.com\/events\/1134465543422778\/\">Facebook<\/a><\/p>\n<p style=\"text-align: center;\">4 &amp; 5 MAY **<strong>STRASBOURG<\/strong>** (FRANCE)<\/p>\n<p style=\"text-align: center;\">5 MAI **<strong>SAINT-MAXIMIN-LA-SAINTE-BAUME<\/strong>** (FRANCE)<\/p>\n<p style=\"text-align: center;\">Rencontres Europ\u00e9ennes &#8211; <a href=\"https:\/\/www.facebook.com\/events\/2377948815772404\/\">Facebook<\/a><\/p>\n<p style=\"text-align: center;\">8 MAY **<strong>KIEL<\/strong>** (GERMANY)<\/p>\n<p style=\"text-align: center;\">Centre Culturel Fran\u00e7ais de Kiel &#8211; <a href=\"https:\/\/www.facebook.com\/events\/1098388860367680\/?active_tab=about\">Facebook<\/a><\/p>\n<p style=\"text-align: center;\">9 MAY **<strong>BREME<\/strong>** (GERMANY)<\/p>\n<p style=\"text-align: center;\">L&rsquo;institut fran\u00e7ais de Br\u00eame &amp; Europa Punkt Bremen &#8211; <a href=\"https:\/\/www.facebook.com\/events\/356083015251079\/\">Facebook<\/a><\/p>\n<p style=\"text-align: center;\">11 MAY **<strong>GANGES<\/strong>** (FRANCE)<\/p>\n<p style=\"text-align: center;\">Jeunes Europ\u00e9ens Montpellier &#8211; <a href=\"https:\/\/www.facebook.com\/events\/325714301476312\/\">Facebook<\/a><\/p>\n<p style=\"text-align: center;\">14 MAY **<strong>BRAUNSCHWEIG<\/strong>** (GERMANY)<\/p>\n<p style=\"text-align: center;\">Antenne M\u00e9tropole et Technische Universit\u00e4t Braunschweig\u00a0&#8211; <a href=\"https:\/\/www.facebook.com\/events\/339977723324181\/\">Facebook<\/a><\/p>\n<p style=\"text-align: center;\">13 MAY **\u00a0<strong>HILDESHEIM<\/strong>\u00a0** (GERMANY)<\/p>\n<p style=\"text-align: center;\">Antenne M\u00e9tropole &#8211;\u00a0<a href=\"https:\/\/www.facebook.com\/events\/2323074584598752\/\">Facebook<\/a><\/p>\n<p style=\"text-align: center;\">15 MAY **<strong>MONTPELLIER<\/strong>** (FRANCE)<\/p>\n<p style=\"text-align: center;\">CRIJ Occitanie &#8211; Site de Montpellier &#8211; <a href=\"https:\/\/www.facebook.com\/events\/170475523888773\/\">Facebook\u00a0<\/a><\/p>\n<p style=\"text-align: center;\">16 MAY **<strong>CAEN<\/strong>** (FRANCE)<br \/>\nCREAN Europe-direct Normandie &#8211; <a href=\"https:\/\/www.facebook.com\/events\/282404989371558\/\">Facebook<\/a><\/p>\n<p style=\"text-align: center;\">17 MAY **<strong>DUSSELDORF<\/strong>** (GERMANY)<\/p>\n<p style=\"text-align: center;\">Institut Fran\u00e7ais D\u00fcsseldorf et Europe direct &#8211; <a href=\"https:\/\/www.facebook.com\/events\/390698554848833\/\">Facebook<\/a><\/p>\n<p style=\"text-align: center;\">20 MAY **<strong>MUNICH<\/strong>** (GERMANY)<\/p>\n<p style=\"text-align: center;\">Institut Francais Munich &#8211; <a href=\"https:\/\/www.facebook.com\/events\/432288387350466\/\">Facebook<\/a><\/p>\n<p style=\"text-align: center;\">21 MAY **<strong>MULHOUSE<\/strong>** (FRANCE)<\/p>\n<p style=\"text-align: center;\">R\u00e9gion Grand Est et Cin\u00e9ma BEL AIR &#8211; <a href=\"https:\/\/www.facebook.com\/events\/1249125431924248\/\">Facebook<\/a><\/p>\n<p style=\"text-align: center;\">22 MAY **<strong>METZ<\/strong>** (FRANCE)<\/p>\n<p style=\"text-align: center;\">R\u00e9gion Grand Est et Cin\u00e9ma KLUB &#8211; <a href=\"https:\/\/www.facebook.com\/events\/416111905606200\/\">Facebook<\/a><\/p>\n<p style=\"text-align: center;\">22 MAY **<strong>GREIFSWALD<\/strong>** (GERMANY)<\/p>\n<p style=\"text-align: center;\">JEF Mecklenburg-Vorpommern e.V. &amp; AStA Universit\u00e4t Greifswald &#8211; <a href=\"https:\/\/www.facebook.com\/events\/2201068003281946\/\">Facebook\u00a0<\/a><\/p>\n<p style=\"text-align: center;\">23 MAY **<strong>REIMS<\/strong>** (FRANCE)<\/p>\n<p style=\"text-align: center;\">R\u00e9gion Grand Est et Cin\u00e9ma OP\u00c9RA &#8211; <a href=\"https:\/\/www.facebook.com\/events\/381037099163409\/\">Facebook<\/a><\/p>\n<p style=\"text-align: center;\">11 JUNE **<strong>LANNION<\/strong>** (FRANCE)<\/p>\n<p style=\"text-align: center;\">P\u00f4le jeunesse Lannion &#8211; <a href=\"https:\/\/www.facebook.com\/events\/574694059719441\/\">Facebook<\/a><\/p>\n<p style=\"text-align: center;\">19 JUNE ** <b>VICHY<\/b>** (FRANCE)<\/p>\n<p style=\"text-align: center;\">PIJ de Vichy et Europe Direct Allier &#8211; <a href=\"https:\/\/www.facebook.com\/events\/350973175553865\/\">Facebook<\/a><\/p>\n<p style=\"text-align: center;\">16 AUGUST ** <b>BREST<\/b>** (FRANCE)<\/p>\n<p style=\"text-align: center;\">Maison d&rsquo;arr\u00eat de Brest<\/p>\n<p style=\"text-align: center;\">5 SEPTEMBRE\u00a0 **<strong>MARSEILLE<\/strong>** (FRANCE)<\/p>\n<p style=\"text-align: center;\">D\u00e9bat sur l&rsquo;engagement suite au film Woman at war &#8211; EUROCIRCLE<\/p>\n<p style=\"text-align: center;\">10 SEPTEMBER ** <b>CARHAIX<\/b>** (FRANCE)<\/p>\n<p style=\"text-align: center;\">Coll\u00e8ge St- Tr\u00e9meur<\/p>\n<p style=\"text-align: center;\">14 SEPTEMBER ** <b>CLUNY<\/b>** (FRANCE)<\/p>\n<p style=\"text-align: center;\">Maison de l&rsquo;Europe et des Europ\u00e9ens &#8211; <a href=\"https:\/\/www.facebook.com\/events\/381723122511301\/\">Facebook<\/a><\/p>\n<p style=\"text-align: center;\">23 SEPTEMBER ** <b>BORDEAUX<\/b>** (FRANCE)<\/p>\n<p style=\"text-align: center;\">Consulat g\u00e9n\u00e9ral d&rsquo;Allemagne &#8211; <a href=\"http:\/\/www.goethe.de\/ins\/fr\/tou\/pro\/programme%20definitif%20septembre%2019.pdf\">Programme<\/a><\/p>\n<p style=\"text-align: center;\">24 SEPTEMBER ** <b>LE HAVRE<\/b>** (FRANCE)<\/p>\n<p style=\"text-align: center;\">Consulat g\u00e9n\u00e9ral d&rsquo;Allemagne &#8211;\u00a0 <a href=\"https:\/\/www.facebook.com\/events\/397288244534236\/\">Programme<\/a><\/p>\n<p style=\"text-align: center;\">25 SEPTEMBER ** <b>TOULOUSE<\/b>** (FRANCE)<\/p>\n<p style=\"text-align: center;\">Consulat g\u00e9n\u00e9ral d&rsquo;Allemagne &#8211;\u00a0 <a href=\"http:\/\/www.goethe.de\/ins\/fr\/tou\/pro\/programme%20definitif%20septembre%2019.pdf\">Programme<\/a><\/p>\n<p style=\"text-align: center;\">9 OCTOBER ** <b>BREST\u00a0<\/b>** (FRANCE)<\/p>\n<p style=\"text-align: center;\">Brest M\u00e9tropole ERASMUS Days &#8211; <a href=\"https:\/\/www.facebook.com\/events\/3045674205449080\/\">Facebook<\/a><\/p>\n<p style=\"text-align: center;\">10 OCTOBER ** <strong>BREST<\/strong> ** (FRANCE)<br \/>\nThe Corner Brest &#8211; <a href=\"https:\/\/www.facebook.com\/events\/1246567655551566\/\">Facebook<\/a><\/p>\n<p style=\"text-align: center;\">11 OCTOBER ** <strong>POULLAN-SUR-MER<\/strong> ** (FRANCE)<\/p>\n<p style=\"text-align: center;\">MFR &#8211; <a href=\"https:\/\/quimper.maville.com\/actu\/actudet_-poullan-sur-mer.-toi-d-europe-sensibilise-les-eleves-de-la-mfr_fil-3872406_actu.Htm\">Programme<\/a><\/p>\n<p style=\"text-align: center;\">8 NOVEMBER ** <strong>TOULON<\/strong> ** (FRANCE)<\/p>\n<p style=\"text-align: center;\">Mouvement Europ\u00e9en Var et JE Toulon &#8211; <a href=\"https:\/\/www.facebook.com\/events\/unc-toulon\/projection-d%C3%A9bat-du-documentaire-toi-deurope\/1436164789864748\/\">Facebook<\/a><\/p>\n<p style=\"text-align: center;\">13 NOVEMBER ** <strong>BERLIN <\/strong>** (GERMANY)<br \/>\nInfo-Caf\u00e9 BERLIN-PARIS &#8211; <a href=\"https:\/\/infocafe.dfjw.org\/toi-deurope-13-novembre-2019\/\">\u00c9v\u00e8nement<\/a><\/p>\n<p style=\"text-align: center;\">7 March <strong>** PARIS**<\/strong> (FRANCE)<br \/>\nAEDE &#8211; <a href=\"http:\/\/paris-europe.eu\/projection-toi-deurope-samedi-07-mars\/\">\u00c9v\u00e8nement\u00a0<\/a><\/p>\n<p style=\"text-align: center;\">21 November <strong>** Lille**<\/strong> (FRANCE) &#8211; en ligne<br \/>\nInterphaz &#8211; <a href=\"https:\/\/www.facebook.com\/events\/1138494526569110\/?active_tab=discussion\">\u00c9v\u00e8nement\u00a0<\/a><\/p>\n<p style=\"text-align: center;\">9 December ** <b>SARREBRUCK<\/b>\u00a0** (ALLEMAGNE)<\/p>\n<p style=\"text-align: center;\">Institut Francais &#8211; <a href=\"https:\/\/www.facebook.com\/events\/474225190207155\">Facebook<\/a><\/p>\n<p style=\"text-align: center;\">16 December ** <b>AUVERGNE<\/b> ** (FRANCE)<\/p>\n<p style=\"text-align: center;\">CIED &#8211; <a href=\"https:\/\/www.facebook.com\/events\/4170330199661125?active_tab=about\">Facebook<\/a><\/p>\n<p style=\"text-align: center;\">6 May ** <b>DIJON<\/b> ** (FRANCE)<\/p>\n<p style=\"text-align: center;\">Association de Jumelages en Europe Bourgogne Franche-Comt\u00e9<\/p>\n<p style=\"text-align: center;\"><a href=\"https:\/\/www.facebook.com\/events\/556091295373471\">Facebook<\/a><\/p>\n<p style=\"text-align: center;\">23 March 2022\u00a0 ** <b>RENNES<\/b> ** (FRANCE)<\/p>\n<p style=\"text-align: center;\">Mediaschool Rennes &#8211;\u00a0<a href=\"https:\/\/www.facebook.com\/events\/4728073013988128\/?active_tab=about\">Facebook<\/a><\/p>\n<p style=\"text-align: center;\">5 May 2022\u00a0 ** <b>STRASBOURG<\/b>\u00a0** (FRANCE)<\/p>\n<p style=\"text-align: center;\">Sommet de Strasbourg<\/p>\n<p style=\"text-align: center;\">6 May\u00a0 2022\u00a0 ** <strong>LES HAUTS D&rsquo;ANJOU\u00a0<\/strong>** (FRANCE)<\/p>\n<p style=\"text-align: center;\">Maison de l&rsquo;Europe Angers &amp; Maine-et-Loire &#8211; <a href=\"https:\/\/www.facebook.com\/events\/362245835872013\/?ref=newsfeed\">Facebook<\/a><\/p>\n<p style=\"text-align: center;\">12 May 2022\u00a0 \u00a0 ** <b>DIJON<\/b> ** (FRANCE)<\/p>\n<p style=\"text-align: center;\">\u00c9tablissement scolaire<\/p>\n<p style=\"text-align: center;\">18 May 2022\u00a0 ** <strong>VICHY<\/strong> ** (FRANCE)<\/p>\n<p style=\"text-align: center;\">PIJ de Vichy<\/p>\n<p style=\"text-align: center;\">20 May 2022\u00a0 ** <strong>TOURS<\/strong> ** (FRANCE) <a href=\"https:\/\/www.facebook.com\/events\/525830212373772\/?acontext=%7B%22event_action_history%22%3A[%7B%22surface%22%3A%22page%22%7D]%7D\">Facebook<\/a><\/p>\n<p style=\"text-align: center;\">Ville de Tours<\/p>\n<p style=\"text-align: center;\">21 May 2022\u00a0 \u00a0** <b>POITIERS<\/b>** (FRANCE)<\/p>\n<p style=\"text-align: center;\">Poitiers m\u00e9tropole<\/p>\n<p style=\"text-align: center;\">25 May 2022\u00a0 ** <strong>STRASBOURG<\/strong>\u00a0** (FRANCE)<\/p>\n<p style=\"text-align: center;\">Lieu d&rsquo;Europe<\/p>\n<p style=\"text-align: center;\">31 May 2022\u00a0 ** <strong>N\u00ceMES<\/strong>\u00a0** (FRANCE)<\/p>\n<p style=\"text-align: center;\">Maison de l&rsquo;Europe de N\u00eemes<\/p>\n<p style=\"text-align: center;\">9 NOVEMBER 2022 ** <strong>BREST<\/strong> ** (FRANCE)<\/p>\n<p style=\"text-align: center;\">Breizh Europe Finist\u00e8re &#8211; <a href=\"https:\/\/www.facebook.com\/events\/441665236575028\/\">Facebook<\/a><\/p>\n<p style=\"text-align: center;\">NOVEMBER 2022 ** <strong>BERGEN<\/strong>** (NORV\u00c8GE)<\/p>\n<p style=\"text-align: center;\">Institut Francais<\/p>\n","protected":false},"excerpt":{"rendered":"<p>Toi d&rsquo;Europe part une nouvelle fois sur la route avec des projections partout en Europe. Retrouvez-nous en France et partout en Europe afin de faire d\u00e9couvrir notre documentaire et les attentes des jeunes sur l&rsquo;Union Europ\u00e9enne. &#8230;.. Vous n&rsquo;avez pas trouv\u00e9 votre ville ? Nous restons \u00e0 la recherche de lieux afin de projeter notre [&hellip;]<\/p>\n","protected":false},"author":1,"featured_media":0,"parent":0,"menu_order":0,"comment_status":"closed","ping_status":"closed","template":"","meta":{"_mi_skip_tracking":false},"yoast_head":"<!-- This site is optimized with the Yoast SEO plugin v19.12 - https:\/\/yoast.com\/wordpress\/plugins\/seo\/ -->\n<title>Toi d&#039;Europe - Tourn\u00e9e des projections du documentaire vid\u00e9o<\/title>\n<meta name=\"description\" content=\"Venez d\u00e9couvrir notre documentaire Toi d&#039;Europe en participant \u00e0 l&#039;une des nombreuses projections en France ou \u00e0 l&#039;\u00e9tranger !\" \/>\n<meta name=\"robots\" content=\"index, follow, max-snippet:-1, max-image-preview:large, max-video-preview:-1\" \/>\n<link rel=\"canonical\" href=\"http:\/\/toideurope.eu\/index.php\/projections-toi-deurope\/\" \/>\n<meta property=\"og:locale\" content=\"fr_FR\" \/>\n<meta property=\"og:type\" content=\"article\" \/>\n<meta property=\"og:title\" content=\"Toi d&#039;Europe - Tourn\u00e9e des projections du documentaire vid\u00e9o\" \/>\n<meta property=\"og:description\" content=\"Venez d\u00e9couvrir notre documentaire Toi d&#039;Europe en participant \u00e0 l&#039;une des nombreuses projections en France ou \u00e0 l&#039;\u00e9tranger !\" \/>\n<meta property=\"og:url\" content=\"http:\/\/toideurope.eu\/index.php\/projections-toi-deurope\/\" \/>\n<meta property=\"og:site_name\" content=\"TOI D&#039;EUROPE\" \/>\n<meta property=\"article:modified_time\" content=\"2023-07-07T14:12:17+00:00\" \/>\n<meta property=\"og:image\" content=\"http:\/\/toideurope.eu\/wp-content\/uploads\/2019\/04\/56268534_2304409446466294_7484024961896546304_n-700x700.jpg\" \/>\n<meta name=\"twitter:card\" content=\"summary_large_image\" \/>\n<meta name=\"twitter:label1\" content=\"Dur\u00e9e de lecture estim\u00e9e\" \/>\n\t<meta name=\"twitter:data1\" content=\"4 minutes\" \/>\n<script type=\"application\/ld+json\" class=\"yoast-schema-graph\">{\"@context\":\"https:\/\/schema.org\",\"@graph\":[{\"@type\":\"WebPage\",\"@id\":\"http:\/\/toideurope.eu\/index.php\/projections-toi-deurope\/\",\"url\":\"http:\/\/toideurope.eu\/index.php\/projections-toi-deurope\/\",\"name\":\"Toi d'Europe - Tourn\u00e9e des projections du documentaire vid\u00e9o\",\"isPartOf\":{\"@id\":\"http:\/\/toideurope.eu\/#website\"},\"datePublished\":\"2019-04-05T10:47:12+00:00\",\"dateModified\":\"2023-07-07T14:12:17+00:00\",\"description\":\"Venez d\u00e9couvrir notre documentaire Toi d'Europe en participant \u00e0 l'une des nombreuses projections en France ou \u00e0 l'\u00e9tranger !\",\"breadcrumb\":{\"@id\":\"http:\/\/toideurope.eu\/index.php\/projections-toi-deurope\/#breadcrumb\"},\"inLanguage\":\"fr-FR\",\"potentialAction\":[{\"@type\":\"ReadAction\",\"target\":[\"http:\/\/toideurope.eu\/index.php\/projections-toi-deurope\/\"]}]},{\"@type\":\"BreadcrumbList\",\"@id\":\"http:\/\/toideurope.eu\/index.php\/projections-toi-deurope\/#breadcrumb\",\"itemListElement\":[{\"@type\":\"ListItem\",\"position\":1,\"name\":\"Accueil\",\"item\":\"http:\/\/toideurope.eu\/\"},{\"@type\":\"ListItem\",\"position\":2,\"name\":\"DOCUMENTARY TOUR\"}]},{\"@type\":\"WebSite\",\"@id\":\"http:\/\/toideurope.eu\/#website\",\"url\":\"http:\/\/toideurope.eu\/\",\"name\":\"TOI D&#039;EUROPE\",\"description\":\"Future of your European Union\",\"publisher\":{\"@id\":\"http:\/\/toideurope.eu\/#organization\"},\"potentialAction\":[{\"@type\":\"SearchAction\",\"target\":{\"@type\":\"EntryPoint\",\"urlTemplate\":\"http:\/\/toideurope.eu\/?s={search_term_string}\"},\"query-input\":\"required name=search_term_string\"}],\"inLanguage\":\"fr-FR\"},{\"@type\":\"Organization\",\"@id\":\"http:\/\/toideurope.eu\/#organization\",\"name\":\"Toi d'Europe\",\"url\":\"http:\/\/toideurope.eu\/\",\"logo\":{\"@type\":\"ImageObject\",\"inLanguage\":\"fr-FR\",\"@id\":\"http:\/\/toideurope.eu\/#\/schema\/logo\/image\/\",\"url\":\"http:\/\/toideurope.eu\/wp-content\/uploads\/2017\/06\/cropped-logo.png\",\"contentUrl\":\"http:\/\/toideurope.eu\/wp-content\/uploads\/2017\/06\/cropped-logo.png\",\"width\":512,\"height\":512,\"caption\":\"Toi d'Europe\"},\"image\":{\"@id\":\"http:\/\/toideurope.eu\/#\/schema\/logo\/image\/\"}}]}<\/script>\n<!-- \/ Yoast SEO plugin. -->","yoast_head_json":{"title":"Toi d'Europe - Tourn\u00e9e des projections du documentaire vid\u00e9o","description":"Venez d\u00e9couvrir notre documentaire Toi d'Europe en participant \u00e0 l'une des nombreuses projections en France ou \u00e0 l'\u00e9tranger !","robots":{"index":"index","follow":"follow","max-snippet":"max-snippet:-1","max-image-preview":"max-image-preview:large","max-video-preview":"max-video-preview:-1"},"canonical":"http:\/\/toideurope.eu\/index.php\/projections-toi-deurope\/","og_locale":"fr_FR","og_type":"article","og_title":"Toi d'Europe - Tourn\u00e9e des projections du documentaire vid\u00e9o","og_description":"Venez d\u00e9couvrir notre documentaire Toi d'Europe en participant \u00e0 l'une des nombreuses projections en France ou \u00e0 l'\u00e9tranger !","og_url":"http:\/\/toideurope.eu\/index.php\/projections-toi-deurope\/","og_site_name":"TOI D&#039;EUROPE","article_modified_time":"2023-07-07T14:12:17+00:00","og_image":[{"url":"http:\/\/toideurope.eu\/wp-content\/uploads\/2019\/04\/56268534_2304409446466294_7484024961896546304_n-700x700.jpg"}],"twitter_card":"summary_large_image","twitter_misc":{"Dur\u00e9e de lecture estim\u00e9e":"4 minutes"},"schema":{"@context":"https:\/\/schema.org","@graph":[{"@type":"WebPage","@id":"http:\/\/toideurope.eu\/index.php\/projections-toi-deurope\/","url":"http:\/\/toideurope.eu\/index.php\/projections-toi-deurope\/","name":"Toi d'Europe - Tourn\u00e9e des projections du documentaire vid\u00e9o","isPartOf":{"@id":"http:\/\/toideurope.eu\/#website"},"datePublished":"2019-04-05T10:47:12+00:00","dateModified":"2023-07-07T14:12:17+00:00","description":"Venez d\u00e9couvrir notre documentaire Toi d'Europe en participant \u00e0 l'une des nombreuses projections en France ou \u00e0 l'\u00e9tranger !","breadcrumb":{"@id":"http:\/\/toideurope.eu\/index.php\/projections-toi-deurope\/#breadcrumb"},"inLanguage":"fr-FR","potentialAction":[{"@type":"ReadAction","target":["http:\/\/toideurope.eu\/index.php\/projections-toi-deurope\/"]}]},{"@type":"BreadcrumbList","@id":"http:\/\/toideurope.eu\/index.php\/projections-toi-deurope\/#breadcrumb","itemListElement":[{"@type":"ListItem","position":1,"name":"Accueil","item":"http:\/\/toideurope.eu\/"},{"@type":"ListItem","position":2,"name":"DOCUMENTARY TOUR"}]},{"@type":"WebSite","@id":"http:\/\/toideurope.eu\/#website","url":"http:\/\/toideurope.eu\/","name":"TOI D&#039;EUROPE","description":"Future of your European Union","publisher":{"@id":"http:\/\/toideurope.eu\/#organization"},"potentialAction":[{"@type":"SearchAction","target":{"@type":"EntryPoint","urlTemplate":"http:\/\/toideurope.eu\/?s={search_term_string}"},"query-input":"required name=search_term_string"}],"inLanguage":"fr-FR"},{"@type":"Organization","@id":"http:\/\/toideurope.eu\/#organization","name":"Toi d'Europe","url":"http:\/\/toideurope.eu\/","logo":{"@type":"ImageObject","inLanguage":"fr-FR","@id":"http:\/\/toideurope.eu\/#\/schema\/logo\/image\/","url":"http:\/\/toideurope.eu\/wp-content\/uploads\/2017\/06\/cropped-logo.png","contentUrl":"http:\/\/toideurope.eu\/wp-content\/uploads\/2017\/06\/cropped-logo.png","width":512,"height":512,"caption":"Toi d'Europe"},"image":{"@id":"http:\/\/toideurope.eu\/#\/schema\/logo\/image\/"}}]}},"_links":{"self":[{"href":"http:\/\/toideurope.eu\/index.php\/wp-json\/wp\/v2\/pages\/1507"}],"collection":[{"href":"http:\/\/toideurope.eu\/index.php\/wp-json\/wp\/v2\/pages"}],"about":[{"href":"http:\/\/toideurope.eu\/index.php\/wp-json\/wp\/v2\/types\/page"}],"author":[{"embeddable":true,"href":"http:\/\/toideurope.eu\/index.php\/wp-json\/wp\/v2\/users\/1"}],"replies":[{"embeddable":true,"href":"http:\/\/toideurope.eu\/index.php\/wp-json\/wp\/v2\/comments?post=1507"}],"version-history":[{"count":31,"href":"http:\/\/toideurope.eu\/index.php\/wp-json\/wp\/v2\/pages\/1507\/revisions"}],"predecessor-version":[{"id":2162,"href":"http:\/\/toideurope.eu\/index.php\/wp-json\/wp\/v2\/pages\/1507\/revisions\/2162"}],"wp:attachment":[{"href":"http:\/\/toideurope.eu\/index.php\/wp-json\/wp\/v2\/media?parent=1507"}],"curies":[{"name":"wp","href":"https:\/\/api.w.org\/{rel}","templated":true}]}}