{"id":9,"date":"2017-04-18T08:43:53","date_gmt":"2017-04-18T06:43:53","guid":{"rendered":"http:\/\/toideurope.eu\/?page_id=9"},"modified":"2019-08-27T17:29:37","modified_gmt":"2019-08-27T15:29:37","slug":"contact","status":"publish","type":"page","link":"http:\/\/toideurope.eu\/index.php\/contact\/","title":{"rendered":"Contact"},"content":{"rendered":"<p><em>Toi d&rsquo;Europe is an organisation that aims to promote the optinions of the young european citizens on the future of European Union.<\/em><\/p>\n<p><em>Toi d&rsquo;Europe est une association qui souhaite promouvoir les opinions des jeunes citoyens europ\u00e9ens sur l&rsquo;Union Europ\u00e9enne. <\/em><\/p>\n<p>&nbsp;<\/p>\n<p>&nbsp;<\/p>\n<p>&nbsp;<\/p>\n<h3 style=\"text-align: center;\">&#8212;&#8212;&#8212;&#8212;&#8212;&#8212;&#8212;-CONTACT DES MEMBRES&#8212;&#8212;&#8212;&#8212;&#8212;&#8212;&#8212;-<\/h3>\n<p style=\"text-align: center;\">Mathilde H\u00e9riaud |\u00a0 Sophie H\u00e9riaud<\/p>\n<p style=\"text-align: center;\"><a href=\"https:\/\/twitter.com\/mathilde_hrd\">twitter\u00a0 <\/a>|\u00a0 <a href=\"https:\/\/twitter.com\/sophie_hrd?lang=fr\">twitter<\/a><\/p>\n<p>&nbsp;<\/p>\n<p>&nbsp;<\/p>\n<h3 style=\"text-align: center;\">&#8212;&#8212;&#8212;&#8212;&#8212;&#8212;&#8212;-FOLLOW US&#8212;&#8212;&#8212;&#8212;&#8212;&#8212;&#8212;-<\/h3>\n<p style=\"text-align: center;\"><a href=\"https:\/\/www.facebook.com\/toideurope\">Facebook Page<\/a><\/p>\n<p style=\"text-align: center;\"><a href=\"https:\/\/www.instagram.com\/toideurope\/\">Instagram Page<\/a><\/p>\n<p style=\"text-align: center;\">Email adress &#8211; toideurope@gmail.com<\/p>\n<p style=\"text-align: center;\">Phone &#8211; +33662686298<\/p>\n<p>&nbsp;<\/p>\n<h3 style=\"text-align: center;\">&#8212;&#8212;&#8212;&#8212;&#8212;&#8212;&#8212;-PARTICIPATE&#8212;&#8212;&#8212;&#8212;&#8212;&#8212;&#8212;-<\/h3>\n<p style=\"text-align: center;\">You want to join the team ? Publish your testimony ? Be interviewed ?<\/p>\n<p style=\"text-align: center;\">Contact us on: toideurope@gmail.com<\/p>\n<p>&nbsp;<\/p>\n<p>&nbsp;<\/p>\n<pre style=\"text-align: center;\">Association loi 1901, d\u00e9clar\u00e9 le 6 mars 2017 \u00e0 la sous-pr\u00e9fecture de Brest<\/pre>\n","protected":false},"excerpt":{"rendered":"<p>Toi d&rsquo;Europe is an organisation that aims to promote the optinions of the young european citizens on the future of European Union. Toi d&rsquo;Europe est une association qui souhaite promouvoir les opinions des jeunes citoyens europ\u00e9ens sur l&rsquo;Union Europ\u00e9enne. &nbsp; &nbsp; &nbsp; &#8212;&#8212;&#8212;&#8212;&#8212;&#8212;&#8212;-CONTACT DES MEMBRES&#8212;&#8212;&#8212;&#8212;&#8212;&#8212;&#8212;- Mathilde H\u00e9riaud |\u00a0 Sophie H\u00e9riaud twitter\u00a0 |\u00a0 twitter &nbsp; &nbsp; [&hellip;]<\/p>\n","protected":false},"author":1,"featured_media":39,"parent":0,"menu_order":0,"comment_status":"closed","ping_status":"closed","template":"","meta":{"_mi_skip_tracking":false},"yoast_head":"<!-- This site is optimized with the Yoast SEO plugin v19.12 - https:\/\/yoast.com\/wordpress\/plugins\/seo\/ -->\n<title>Contact - TOI D&#039;EUROPE<\/title>\n<meta name=\"robots\" content=\"index, follow, max-snippet:-1, max-image-preview:large, max-video-preview:-1\" \/>\n<link rel=\"canonical\" href=\"http:\/\/toideurope.eu\/index.php\/contact\/\" \/>\n<meta property=\"og:locale\" content=\"fr_FR\" \/>\n<meta property=\"og:type\" content=\"article\" \/>\n<meta property=\"og:title\" content=\"Contact - TOI D&#039;EUROPE\" \/>\n<meta property=\"og:description\" content=\"Toi d&rsquo;Europe is an organisation that aims to promote the optinions of the young european citizens on the future of European Union. Toi d&rsquo;Europe est une association qui souhaite promouvoir les opinions des jeunes citoyens europ\u00e9ens sur l&rsquo;Union Europ\u00e9enne. &nbsp; &nbsp; &nbsp; &#8212;&#8212;&#8212;&#8212;&#8212;&#8212;&#8212;-CONTACT DES MEMBRES&#8212;&#8212;&#8212;&#8212;&#8212;&#8212;&#8212;- Mathilde H\u00e9riaud |\u00a0 Sophie H\u00e9riaud twitter\u00a0 |\u00a0 twitter &nbsp; &nbsp; [&hellip;]\" \/>\n<meta property=\"og:url\" content=\"http:\/\/toideurope.eu\/index.php\/contact\/\" \/>\n<meta property=\"og:site_name\" content=\"TOI D&#039;EUROPE\" \/>\n<meta property=\"article:modified_time\" content=\"2019-08-27T15:29:37+00:00\" \/>\n<meta property=\"og:image\" content=\"http:\/\/toideurope.eu\/wp-content\/uploads\/2017\/04\/17916290_10212228304413611_833071037_o.jpg\" \/>\n\t<meta property=\"og:image:width\" content=\"1136\" \/>\n\t<meta property=\"og:image:height\" content=\"1136\" \/>\n\t<meta property=\"og:image:type\" content=\"image\/jpeg\" \/>\n<meta name=\"twitter:card\" content=\"summary_large_image\" \/>\n<meta name=\"twitter:label1\" content=\"Dur\u00e9e de lecture estim\u00e9e\" \/>\n\t<meta name=\"twitter:data1\" content=\"1 minute\" \/>\n<script type=\"application\/ld+json\" class=\"yoast-schema-graph\">{\"@context\":\"https:\/\/schema.org\",\"@graph\":[{\"@type\":\"WebPage\",\"@id\":\"http:\/\/toideurope.eu\/index.php\/contact\/\",\"url\":\"http:\/\/toideurope.eu\/index.php\/contact\/\",\"name\":\"Contact - TOI D&#039;EUROPE\",\"isPartOf\":{\"@id\":\"http:\/\/toideurope.eu\/#website\"},\"datePublished\":\"2017-04-18T06:43:53+00:00\",\"dateModified\":\"2019-08-27T15:29:37+00:00\",\"breadcrumb\":{\"@id\":\"http:\/\/toideurope.eu\/index.php\/contact\/#breadcrumb\"},\"inLanguage\":\"fr-FR\",\"potentialAction\":[{\"@type\":\"ReadAction\",\"target\":[\"http:\/\/toideurope.eu\/index.php\/contact\/\"]}]},{\"@type\":\"BreadcrumbList\",\"@id\":\"http:\/\/toideurope.eu\/index.php\/contact\/#breadcrumb\",\"itemListElement\":[{\"@type\":\"ListItem\",\"position\":1,\"name\":\"Accueil\",\"item\":\"http:\/\/toideurope.eu\/\"},{\"@type\":\"ListItem\",\"position\":2,\"name\":\"Contact\"}]},{\"@type\":\"WebSite\",\"@id\":\"http:\/\/toideurope.eu\/#website\",\"url\":\"http:\/\/toideurope.eu\/\",\"name\":\"TOI D&#039;EUROPE\",\"description\":\"Future of your European Union\",\"publisher\":{\"@id\":\"http:\/\/toideurope.eu\/#organization\"},\"potentialAction\":[{\"@type\":\"SearchAction\",\"target\":{\"@type\":\"EntryPoint\",\"urlTemplate\":\"http:\/\/toideurope.eu\/?s={search_term_string}\"},\"query-input\":\"required name=search_term_string\"}],\"inLanguage\":\"fr-FR\"},{\"@type\":\"Organization\",\"@id\":\"http:\/\/toideurope.eu\/#organization\",\"name\":\"Toi d'Europe\",\"url\":\"http:\/\/toideurope.eu\/\",\"logo\":{\"@type\":\"ImageObject\",\"inLanguage\":\"fr-FR\",\"@id\":\"http:\/\/toideurope.eu\/#\/schema\/logo\/image\/\",\"url\":\"http:\/\/toideurope.eu\/wp-content\/uploads\/2017\/06\/cropped-logo.png\",\"contentUrl\":\"http:\/\/toideurope.eu\/wp-content\/uploads\/2017\/06\/cropped-logo.png\",\"width\":512,\"height\":512,\"caption\":\"Toi d'Europe\"},\"image\":{\"@id\":\"http:\/\/toideurope.eu\/#\/schema\/logo\/image\/\"}}]}<\/script>\n<!-- \/ Yoast SEO plugin. -->","yoast_head_json":{"title":"Contact - TOI D&#039;EUROPE","robots":{"index":"index","follow":"follow","max-snippet":"max-snippet:-1","max-image-preview":"max-image-preview:large","max-video-preview":"max-video-preview:-1"},"canonical":"http:\/\/toideurope.eu\/index.php\/contact\/","og_locale":"fr_FR","og_type":"article","og_title":"Contact - TOI D&#039;EUROPE","og_description":"Toi d&rsquo;Europe is an organisation that aims to promote the optinions of the young european citizens on the future of European Union. Toi d&rsquo;Europe est une association qui souhaite promouvoir les opinions des jeunes citoyens europ\u00e9ens sur l&rsquo;Union Europ\u00e9enne. &nbsp; &nbsp; &nbsp; &#8212;&#8212;&#8212;&#8212;&#8212;&#8212;&#8212;-CONTACT DES MEMBRES&#8212;&#8212;&#8212;&#8212;&#8212;&#8212;&#8212;- Mathilde H\u00e9riaud |\u00a0 Sophie H\u00e9riaud twitter\u00a0 |\u00a0 twitter &nbsp; &nbsp; [&hellip;]","og_url":"http:\/\/toideurope.eu\/index.php\/contact\/","og_site_name":"TOI D&#039;EUROPE","article_modified_time":"2019-08-27T15:29:37+00:00","og_image":[{"width":1136,"height":1136,"url":"http:\/\/toideurope.eu\/wp-content\/uploads\/2017\/04\/17916290_10212228304413611_833071037_o.jpg","type":"image\/jpeg"}],"twitter_card":"summary_large_image","twitter_misc":{"Dur\u00e9e de lecture estim\u00e9e":"1 minute"},"schema":{"@context":"https:\/\/schema.org","@graph":[{"@type":"WebPage","@id":"http:\/\/toideurope.eu\/index.php\/contact\/","url":"http:\/\/toideurope.eu\/index.php\/contact\/","name":"Contact - TOI D&#039;EUROPE","isPartOf":{"@id":"http:\/\/toideurope.eu\/#website"},"datePublished":"2017-04-18T06:43:53+00:00","dateModified":"2019-08-27T15:29:37+00:00","breadcrumb":{"@id":"http:\/\/toideurope.eu\/index.php\/contact\/#breadcrumb"},"inLanguage":"fr-FR","potentialAction":[{"@type":"ReadAction","target":["http:\/\/toideurope.eu\/index.php\/contact\/"]}]},{"@type":"BreadcrumbList","@id":"http:\/\/toideurope.eu\/index.php\/contact\/#breadcrumb","itemListElement":[{"@type":"ListItem","position":1,"name":"Accueil","item":"http:\/\/toideurope.eu\/"},{"@type":"ListItem","position":2,"name":"Contact"}]},{"@type":"WebSite","@id":"http:\/\/toideurope.eu\/#website","url":"http:\/\/toideurope.eu\/","name":"TOI D&#039;EUROPE","description":"Future of your European Union","publisher":{"@id":"http:\/\/toideurope.eu\/#organization"},"potentialAction":[{"@type":"SearchAction","target":{"@type":"EntryPoint","urlTemplate":"http:\/\/toideurope.eu\/?s={search_term_string}"},"query-input":"required name=search_term_string"}],"inLanguage":"fr-FR"},{"@type":"Organization","@id":"http:\/\/toideurope.eu\/#organization","name":"Toi d'Europe","url":"http:\/\/toideurope.eu\/","logo":{"@type":"ImageObject","inLanguage":"fr-FR","@id":"http:\/\/toideurope.eu\/#\/schema\/logo\/image\/","url":"http:\/\/toideurope.eu\/wp-content\/uploads\/2017\/06\/cropped-logo.png","contentUrl":"http:\/\/toideurope.eu\/wp-content\/uploads\/2017\/06\/cropped-logo.png","width":512,"height":512,"caption":"Toi d'Europe"},"image":{"@id":"http:\/\/toideurope.eu\/#\/schema\/logo\/image\/"}}]}},"_links":{"self":[{"href":"http:\/\/toideurope.eu\/index.php\/wp-json\/wp\/v2\/pages\/9"}],"collection":[{"href":"http:\/\/toideurope.eu\/index.php\/wp-json\/wp\/v2\/pages"}],"about":[{"href":"http:\/\/toideurope.eu\/index.php\/wp-json\/wp\/v2\/types\/page"}],"author":[{"embeddable":true,"href":"http:\/\/toideurope.eu\/index.php\/wp-json\/wp\/v2\/users\/1"}],"replies":[{"embeddable":true,"href":"http:\/\/toideurope.eu\/index.php\/wp-json\/wp\/v2\/comments?post=9"}],"version-history":[{"count":10,"href":"http:\/\/toideurope.eu\/index.php\/wp-json\/wp\/v2\/pages\/9\/revisions"}],"predecessor-version":[{"id":1633,"href":"http:\/\/toideurope.eu\/index.php\/wp-json\/wp\/v2\/pages\/9\/revisions\/1633"}],"wp:featuredmedia":[{"embeddable":true,"href":"http:\/\/toideurope.eu\/index.php\/wp-json\/wp\/v2\/media\/39"}],"wp:attachment":[{"href":"http:\/\/toideurope.eu\/index.php\/wp-json\/wp\/v2\/media?parent=9"}],"curies":[{"name":"wp","href":"https:\/\/api.w.org\/{rel}","templated":true}]}}