{"id":95,"date":"2017-04-24T20:53:50","date_gmt":"2017-04-24T18:53:50","guid":{"rendered":"http:\/\/toideurope.eu\/?page_id=95"},"modified":"2019-02-25T17:38:59","modified_gmt":"2019-02-25T16:38:59","slug":"sponsors","status":"publish","type":"page","link":"http:\/\/toideurope.eu\/index.php\/sponsors\/","title":{"rendered":"Sponsors"},"content":{"rendered":"<h2>Sponsors &#8211; Help us to finance our project !<\/h2>\n<p>&nbsp;<\/p>\n<p>Join our sponsors ! In order to realize this project, we need your help to finance a part of the expenses such as the transportation, accomodation, etc.<\/p>\n<p>In exchange of your help, you could have exclusivity on our videos, your name in the closing credit(s), a souvenir or a photo from a chosen country, or some tickets for the preview of the final documentary with us !<\/p>\n<p>&nbsp;<\/p>\n<p><em>Afin de r\u00e9aliser ce projet, nous avons besoin de votre aide pour financer une partie des frais, comme le transport, l&rsquo;h\u00e9bergement, etc. <\/em><\/p>\n<p><em>En contrepartie de votre aide, nous vous offrirons: des exclusivit\u00e9s sur nos vid\u00e9os, vos noms au(x) g\u00e9n\u00e9rique(s), des souvenirs et des photos des pays visit\u00e9s ou encore des places pour l&rsquo;avant-premi\u00e8re du documentaire final \u00e0 nos c\u00f4t\u00e9s !<\/em><\/p>\n<p>&nbsp;<\/p>\n<p>&nbsp;<\/p>\n<p>You can join the project by helping us finance our organization. Contact contacter Mathilde on toideurope@gmail.com<\/p>\n<p>Vous pouvez participer au projet en finan\u00e7ant notre association. Pour cela contacter Mathilde sur toideurope@gmail.com<\/p>\n<h4><\/h4>\n<h4>Thank you !\u00a0\u00a0\u00a0\u00a0\u00a0\u00a0\u00a0\u00a0\u00a0\u00a0\u00a0\u00a0\u00a0\u00a0\u00a0\u00a0\u00a0\u00a0\u00a0\u00a0\u00a0\u00a0\u00a0\u00a0\u00a0\u00a0\u00a0\u00a0\u00a0\u00a0\u00a0\u00a0\u00a0\u00a0\u00a0\u00a0\u00a0\u00a0\u00a0\u00a0\u00a0\u00a0 Merci !<\/h4>\n<p>&nbsp;<\/p>\n<p>&nbsp;<\/p>\n<p>_______________________________________________________________________________________________________<\/p>\n<h2 style=\"text-align: center;\">They trust us<\/h2>\n<h2 style=\"text-align: center;\">Ils nous font confiance<\/h2>\n<p>&nbsp;<\/p>\n<div id='gallery-1' class='gallery galleryid-95 gallery-columns-4 gallery-size-thumbnail'><figure class='gallery-item'>\n\t\t\t<div class='gallery-icon landscape'>\n\t\t\t\t<a href='http:\/\/toideurope.eu\/index.php\/sponsors\/josh\/'><img width=\"150\" height=\"150\" src=\"http:\/\/toideurope.eu\/wp-content\/uploads\/2017\/04\/josh-150x150.png\" class=\"attachment-thumbnail size-thumbnail\" alt=\"\" loading=\"lazy\" aria-describedby=\"gallery-1-152\" srcset=\"http:\/\/toideurope.eu\/wp-content\/uploads\/2017\/04\/josh-150x150.png 150w, http:\/\/toideurope.eu\/wp-content\/uploads\/2017\/04\/josh-300x300.png 300w, http:\/\/toideurope.eu\/wp-content\/uploads\/2017\/04\/josh-60x60.png 60w, http:\/\/toideurope.eu\/wp-content\/uploads\/2017\/04\/josh.png 720w\" sizes=\"(max-width: 150px) 100vw, 150px\" \/><\/a>\n\t\t\t<\/div>\n\t\t\t\t<figcaption class='wp-caption-text gallery-caption' id='gallery-1-152'>\n\t\t\t\twww.facebook.com\/thejoshesandi\n\t\t\t\t<\/figcaption><\/figure><figure class='gallery-item'>\n\t\t\t<div class='gallery-icon landscape'>\n\t\t\t\t<a href='http:\/\/toideurope.eu\/index.php\/sponsors\/logoceap1\/'><img width=\"150\" height=\"150\" src=\"http:\/\/toideurope.eu\/wp-content\/uploads\/2017\/04\/LOGOceap1-150x150.jpg\" class=\"attachment-thumbnail size-thumbnail\" alt=\"\" loading=\"lazy\" aria-describedby=\"gallery-1-402\" \/><\/a>\n\t\t\t<\/div>\n\t\t\t\t<figcaption class='wp-caption-text gallery-caption' id='gallery-1-402'>\n\t\t\t\twww.entreprises-aulne-presquile.bzh\n\t\t\t\t<\/figcaption><\/figure><figure class='gallery-item'>\n\t\t\t<div class='gallery-icon landscape'>\n\t\t\t\t<a href='http:\/\/toideurope.eu\/index.php\/sponsors\/rotary_club-logo-03f060ab05-seeklogo-com\/'><img width=\"150\" height=\"150\" src=\"http:\/\/toideurope.eu\/wp-content\/uploads\/2017\/04\/Rotary_Club-logo-03F060AB05-seeklogo.com_-150x150.png\" class=\"attachment-thumbnail size-thumbnail\" alt=\"\" loading=\"lazy\" aria-describedby=\"gallery-1-637\" srcset=\"http:\/\/toideurope.eu\/wp-content\/uploads\/2017\/04\/Rotary_Club-logo-03F060AB05-seeklogo.com_-150x150.png 150w, http:\/\/toideurope.eu\/wp-content\/uploads\/2017\/04\/Rotary_Club-logo-03F060AB05-seeklogo.com_-120x120.png 120w, http:\/\/toideurope.eu\/wp-content\/uploads\/2017\/04\/Rotary_Club-logo-03F060AB05-seeklogo.com_.png 300w\" sizes=\"(max-width: 150px) 100vw, 150px\" \/><\/a>\n\t\t\t<\/div>\n\t\t\t\t<figcaption class='wp-caption-text gallery-caption' id='gallery-1-637'>\n\t\t\t\thttps:\/\/www.rotary.org\/fr\n\t\t\t\t<\/figcaption><\/figure><figure class='gallery-item'>\n\t\t\t<div class='gallery-icon landscape'>\n\t\t\t\t<a href='http:\/\/toideurope.eu\/index.php\/sponsors\/cg22\/'><img width=\"150\" height=\"150\" src=\"http:\/\/toideurope.eu\/wp-content\/uploads\/2017\/04\/CG22-150x150.jpg\" class=\"attachment-thumbnail size-thumbnail\" alt=\"\" loading=\"lazy\" aria-describedby=\"gallery-1-638\" srcset=\"http:\/\/toideurope.eu\/wp-content\/uploads\/2017\/04\/CG22-150x150.jpg 150w, http:\/\/toideurope.eu\/wp-content\/uploads\/2017\/04\/CG22-120x120.jpg 120w\" sizes=\"(max-width: 150px) 100vw, 150px\" \/><\/a>\n\t\t\t<\/div>\n\t\t\t\t<figcaption class='wp-caption-text gallery-caption' id='gallery-1-638'>\n\t\t\t\thttp:\/\/cotesdarmor.fr\/\n\t\t\t\t<\/figcaption><\/figure>\n\t\t<\/div>\n\n<p><img loading=\"lazy\" class=\"wp-image-1503 alignleft\" src=\"http:\/\/toideurope.eu\/wp-content\/uploads\/2017\/04\/Finiste\u0300re_29_logo_2015.svg_-700x420.png\" alt=\"\" width=\"201\" height=\"121\" srcset=\"http:\/\/toideurope.eu\/wp-content\/uploads\/2017\/04\/Finiste\u0300re_29_logo_2015.svg_-700x420.png 700w, http:\/\/toideurope.eu\/wp-content\/uploads\/2017\/04\/Finiste\u0300re_29_logo_2015.svg_-300x180.png 300w, http:\/\/toideurope.eu\/wp-content\/uploads\/2017\/04\/Finiste\u0300re_29_logo_2015.svg_-768x461.png 768w, http:\/\/toideurope.eu\/wp-content\/uploads\/2017\/04\/Finiste\u0300re_29_logo_2015.svg_.png 1280w\" sizes=\"(max-width: 201px) 100vw, 201px\" \/><\/p>\n<p>&nbsp;<\/p>\n<p>&nbsp;<\/p>\n<p>&nbsp;<\/p>\n<p>&nbsp;<\/p>\n<p>_______________________________________________________________________________________________________<\/p>\n<h2 style=\"text-align: center;\">They are helping us<\/h2>\n<h2 style=\"text-align: center;\">Ils nous aident dans notre projet<\/h2>\n<p>Thank you to welcome and help us to realize our project, and for your enthusiasm to answer our questions !<\/p>\n<p>Nous vous remercions de votre accueil et de votre aide dans la r\u00e9alisation de notre projet, ainsi que de votre enthousiasme pour r\u00e9pondre \u00e0 nos questions !<\/p>\n<div id='gallery-2' class='gallery galleryid-95 gallery-columns-6 gallery-size-thumbnail'><figure class='gallery-item'>\n\t\t\t<div class='gallery-icon landscape'>\n\t\t\t\t<a href='http:\/\/toideurope.eu\/index.php\/sponsors\/15401017_1968197470074441_5924311463822176868_n\/'><img width=\"150\" height=\"150\" src=\"http:\/\/toideurope.eu\/wp-content\/uploads\/2017\/04\/15401017_1968197470074441_5924311463822176868_n-150x150.png\" class=\"attachment-thumbnail size-thumbnail\" alt=\"Youth European Movement Edinburgh\" loading=\"lazy\" srcset=\"http:\/\/toideurope.eu\/wp-content\/uploads\/2017\/04\/15401017_1968197470074441_5924311463822176868_n-150x150.png 150w, http:\/\/toideurope.eu\/wp-content\/uploads\/2017\/04\/15401017_1968197470074441_5924311463822176868_n-300x300.png 300w, http:\/\/toideurope.eu\/wp-content\/uploads\/2017\/04\/15401017_1968197470074441_5924311463822176868_n-768x768.png 768w, http:\/\/toideurope.eu\/wp-content\/uploads\/2017\/04\/15401017_1968197470074441_5924311463822176868_n-700x700.png 700w, http:\/\/toideurope.eu\/wp-content\/uploads\/2017\/04\/15401017_1968197470074441_5924311463822176868_n.png 960w\" sizes=\"(max-width: 150px) 100vw, 150px\" \/><\/a>\n\t\t\t<\/div><\/figure><figure class='gallery-item'>\n\t\t\t<div class='gallery-icon landscape'>\n\t\t\t\t<a href='http:\/\/toideurope.eu\/index.php\/sponsors\/yem-uk\/'><img width=\"150\" height=\"150\" src=\"http:\/\/toideurope.eu\/wp-content\/uploads\/2017\/04\/YEM-UK-150x150.png\" class=\"attachment-thumbnail size-thumbnail\" alt=\"Youth European Movement UK\" loading=\"lazy\" srcset=\"http:\/\/toideurope.eu\/wp-content\/uploads\/2017\/04\/YEM-UK-150x150.png 150w, http:\/\/toideurope.eu\/wp-content\/uploads\/2017\/04\/YEM-UK-300x300.png 300w, http:\/\/toideurope.eu\/wp-content\/uploads\/2017\/04\/YEM-UK-768x768.png 768w, http:\/\/toideurope.eu\/wp-content\/uploads\/2017\/04\/YEM-UK-700x700.png 700w, http:\/\/toideurope.eu\/wp-content\/uploads\/2017\/04\/YEM-UK.png 800w\" sizes=\"(max-width: 150px) 100vw, 150px\" \/><\/a>\n\t\t\t<\/div><\/figure><figure class='gallery-item'>\n\t\t\t<div class='gallery-icon landscape'>\n\t\t\t\t<a href='http:\/\/toideurope.eu\/index.php\/sponsors\/stand-for-europe\/'><img width=\"150\" height=\"150\" src=\"http:\/\/toideurope.eu\/wp-content\/uploads\/2017\/04\/Stand-for-Europe-150x150.png\" class=\"attachment-thumbnail size-thumbnail\" alt=\"\" loading=\"lazy\" aria-describedby=\"gallery-2-199\" \/><\/a>\n\t\t\t<\/div>\n\t\t\t\t<figcaption class='wp-caption-text gallery-caption' id='gallery-2-199'>\n\t\t\t\t@standupforeurope\n\t\t\t\t<\/figcaption><\/figure><figure class='gallery-item'>\n\t\t\t<div class='gallery-icon landscape'>\n\t\t\t\t<a href='http:\/\/toideurope.eu\/index.php\/sponsors\/europe\/'><img width=\"150\" height=\"150\" src=\"http:\/\/toideurope.eu\/wp-content\/uploads\/2017\/04\/Europe-150x150.png\" class=\"attachment-thumbnail size-thumbnail\" alt=\"\" loading=\"lazy\" aria-describedby=\"gallery-2-204\" \/><\/a>\n\t\t\t<\/div>\n\t\t\t\t<figcaption class='wp-caption-text gallery-caption' id='gallery-2-204'>\n\t\t\t\t@mycountryeurope\n\t\t\t\t<\/figcaption><\/figure>\n\t\t<\/div>\n\n<p><img loading=\"lazy\" class=\" wp-image-1502 alignleft\" src=\"http:\/\/toideurope.eu\/wp-content\/uploads\/2017\/04\/logo_original_grand.jpg\" alt=\"\" width=\"177\" height=\"81\" \/><\/p>\n<p><img loading=\"lazy\" class=\"wp-image-378 alignleft\" src=\"http:\/\/toideurope.eu\/wp-content\/uploads\/2017\/04\/L\u00e9tudiant-Voyageur-profil-pic.png\" alt=\"\" width=\"88\" height=\"88\" srcset=\"http:\/\/toideurope.eu\/wp-content\/uploads\/2017\/04\/L\u00e9tudiant-Voyageur-profil-pic.png 500w, http:\/\/toideurope.eu\/wp-content\/uploads\/2017\/04\/L\u00e9tudiant-Voyageur-profil-pic-150x150.png 150w, http:\/\/toideurope.eu\/wp-content\/uploads\/2017\/04\/L\u00e9tudiant-Voyageur-profil-pic-300x300.png 300w\" sizes=\"(max-width: 88px) 100vw, 88px\" \/><\/p>\n","protected":false},"excerpt":{"rendered":"<p>Sponsors &#8211; Help us to finance our project ! &nbsp; Join our sponsors ! In order to realize this project, we need your help to finance a part of the expenses such as the transportation, accomodation, etc. In exchange of your help, you could have exclusivity on our videos, your name in the closing credit(s), [&hellip;]<\/p>\n","protected":false},"author":1,"featured_media":0,"parent":0,"menu_order":0,"comment_status":"closed","ping_status":"closed","template":"","meta":{"_mi_skip_tracking":false},"yoast_head":"<!-- This site is optimized with the Yoast SEO plugin v19.12 - https:\/\/yoast.com\/wordpress\/plugins\/seo\/ -->\n<title>Sponsors - Help us to finance our project Toi d&#039;Europe<\/title>\n<meta name=\"description\" content=\"Help us to finance Toi d&#039;Europe and collect several counterparts ! Aidez nous \u00e0 financer Toi d&#039;Europe et recevez diverses contreparties !\" \/>\n<meta name=\"robots\" content=\"index, follow, max-snippet:-1, max-image-preview:large, max-video-preview:-1\" \/>\n<link rel=\"canonical\" href=\"http:\/\/toideurope.eu\/index.php\/sponsors\/\" \/>\n<meta property=\"og:locale\" content=\"fr_FR\" \/>\n<meta property=\"og:type\" content=\"article\" \/>\n<meta property=\"og:title\" content=\"Sponsors - Help us to finance our project Toi d&#039;Europe\" \/>\n<meta property=\"og:description\" content=\"Help us to finance Toi d&#039;Europe and collect several counterparts ! Aidez nous \u00e0 financer Toi d&#039;Europe et recevez diverses contreparties !\" \/>\n<meta property=\"og:url\" content=\"http:\/\/toideurope.eu\/index.php\/sponsors\/\" \/>\n<meta property=\"og:site_name\" content=\"TOI D&#039;EUROPE\" \/>\n<meta property=\"article:modified_time\" content=\"2019-02-25T16:38:59+00:00\" \/>\n<meta property=\"og:image\" content=\"http:\/\/toideurope.eu\/wp-content\/uploads\/2017\/04\/josh-150x150.png\" \/>\n<meta name=\"twitter:card\" content=\"summary_large_image\" \/>\n<meta name=\"twitter:label1\" content=\"Dur\u00e9e de lecture estim\u00e9e\" \/>\n\t<meta name=\"twitter:data1\" content=\"1 minute\" \/>\n<script type=\"application\/ld+json\" class=\"yoast-schema-graph\">{\"@context\":\"https:\/\/schema.org\",\"@graph\":[{\"@type\":\"WebPage\",\"@id\":\"http:\/\/toideurope.eu\/index.php\/sponsors\/\",\"url\":\"http:\/\/toideurope.eu\/index.php\/sponsors\/\",\"name\":\"Sponsors - Help us to finance our project Toi d'Europe\",\"isPartOf\":{\"@id\":\"https:\/\/toideurope.eu\/#website\"},\"datePublished\":\"2017-04-24T18:53:50+00:00\",\"dateModified\":\"2019-02-25T16:38:59+00:00\",\"description\":\"Help us to finance Toi d'Europe and collect several counterparts ! Aidez nous \u00e0 financer Toi d'Europe et recevez diverses contreparties !\",\"breadcrumb\":{\"@id\":\"http:\/\/toideurope.eu\/index.php\/sponsors\/#breadcrumb\"},\"inLanguage\":\"fr-FR\",\"potentialAction\":[{\"@type\":\"ReadAction\",\"target\":[\"http:\/\/toideurope.eu\/index.php\/sponsors\/\"]}]},{\"@type\":\"BreadcrumbList\",\"@id\":\"http:\/\/toideurope.eu\/index.php\/sponsors\/#breadcrumb\",\"itemListElement\":[{\"@type\":\"ListItem\",\"position\":1,\"name\":\"Accueil\",\"item\":\"https:\/\/toideurope.eu\/\"},{\"@type\":\"ListItem\",\"position\":2,\"name\":\"Sponsors\"}]},{\"@type\":\"WebSite\",\"@id\":\"https:\/\/toideurope.eu\/#website\",\"url\":\"https:\/\/toideurope.eu\/\",\"name\":\"TOI D&#039;EUROPE\",\"description\":\"Future of your European Union\",\"publisher\":{\"@id\":\"https:\/\/toideurope.eu\/#organization\"},\"potentialAction\":[{\"@type\":\"SearchAction\",\"target\":{\"@type\":\"EntryPoint\",\"urlTemplate\":\"https:\/\/toideurope.eu\/?s={search_term_string}\"},\"query-input\":\"required name=search_term_string\"}],\"inLanguage\":\"fr-FR\"},{\"@type\":\"Organization\",\"@id\":\"https:\/\/toideurope.eu\/#organization\",\"name\":\"Toi d'Europe\",\"url\":\"https:\/\/toideurope.eu\/\",\"logo\":{\"@type\":\"ImageObject\",\"inLanguage\":\"fr-FR\",\"@id\":\"https:\/\/toideurope.eu\/#\/schema\/logo\/image\/\",\"url\":\"http:\/\/toideurope.eu\/wp-content\/uploads\/2017\/06\/cropped-logo.png\",\"contentUrl\":\"http:\/\/toideurope.eu\/wp-content\/uploads\/2017\/06\/cropped-logo.png\",\"width\":512,\"height\":512,\"caption\":\"Toi d'Europe\"},\"image\":{\"@id\":\"https:\/\/toideurope.eu\/#\/schema\/logo\/image\/\"}}]}<\/script>\n<!-- \/ Yoast SEO plugin. -->","yoast_head_json":{"title":"Sponsors - Help us to finance our project Toi d'Europe","description":"Help us to finance Toi d'Europe and collect several counterparts ! Aidez nous \u00e0 financer Toi d'Europe et recevez diverses contreparties !","robots":{"index":"index","follow":"follow","max-snippet":"max-snippet:-1","max-image-preview":"max-image-preview:large","max-video-preview":"max-video-preview:-1"},"canonical":"http:\/\/toideurope.eu\/index.php\/sponsors\/","og_locale":"fr_FR","og_type":"article","og_title":"Sponsors - Help us to finance our project Toi d'Europe","og_description":"Help us to finance Toi d'Europe and collect several counterparts ! Aidez nous \u00e0 financer Toi d'Europe et recevez diverses contreparties !","og_url":"http:\/\/toideurope.eu\/index.php\/sponsors\/","og_site_name":"TOI D&#039;EUROPE","article_modified_time":"2019-02-25T16:38:59+00:00","og_image":[{"url":"http:\/\/toideurope.eu\/wp-content\/uploads\/2017\/04\/josh-150x150.png"}],"twitter_card":"summary_large_image","twitter_misc":{"Dur\u00e9e de lecture estim\u00e9e":"1 minute"},"schema":{"@context":"https:\/\/schema.org","@graph":[{"@type":"WebPage","@id":"http:\/\/toideurope.eu\/index.php\/sponsors\/","url":"http:\/\/toideurope.eu\/index.php\/sponsors\/","name":"Sponsors - Help us to finance our project Toi d'Europe","isPartOf":{"@id":"https:\/\/toideurope.eu\/#website"},"datePublished":"2017-04-24T18:53:50+00:00","dateModified":"2019-02-25T16:38:59+00:00","description":"Help us to finance Toi d'Europe and collect several counterparts ! Aidez nous \u00e0 financer Toi d'Europe et recevez diverses contreparties !","breadcrumb":{"@id":"http:\/\/toideurope.eu\/index.php\/sponsors\/#breadcrumb"},"inLanguage":"fr-FR","potentialAction":[{"@type":"ReadAction","target":["http:\/\/toideurope.eu\/index.php\/sponsors\/"]}]},{"@type":"BreadcrumbList","@id":"http:\/\/toideurope.eu\/index.php\/sponsors\/#breadcrumb","itemListElement":[{"@type":"ListItem","position":1,"name":"Accueil","item":"https:\/\/toideurope.eu\/"},{"@type":"ListItem","position":2,"name":"Sponsors"}]},{"@type":"WebSite","@id":"https:\/\/toideurope.eu\/#website","url":"https:\/\/toideurope.eu\/","name":"TOI D&#039;EUROPE","description":"Future of your European Union","publisher":{"@id":"https:\/\/toideurope.eu\/#organization"},"potentialAction":[{"@type":"SearchAction","target":{"@type":"EntryPoint","urlTemplate":"https:\/\/toideurope.eu\/?s={search_term_string}"},"query-input":"required name=search_term_string"}],"inLanguage":"fr-FR"},{"@type":"Organization","@id":"https:\/\/toideurope.eu\/#organization","name":"Toi d'Europe","url":"https:\/\/toideurope.eu\/","logo":{"@type":"ImageObject","inLanguage":"fr-FR","@id":"https:\/\/toideurope.eu\/#\/schema\/logo\/image\/","url":"http:\/\/toideurope.eu\/wp-content\/uploads\/2017\/06\/cropped-logo.png","contentUrl":"http:\/\/toideurope.eu\/wp-content\/uploads\/2017\/06\/cropped-logo.png","width":512,"height":512,"caption":"Toi d'Europe"},"image":{"@id":"https:\/\/toideurope.eu\/#\/schema\/logo\/image\/"}}]}},"_links":{"self":[{"href":"http:\/\/toideurope.eu\/index.php\/wp-json\/wp\/v2\/pages\/95"}],"collection":[{"href":"http:\/\/toideurope.eu\/index.php\/wp-json\/wp\/v2\/pages"}],"about":[{"href":"http:\/\/toideurope.eu\/index.php\/wp-json\/wp\/v2\/types\/page"}],"author":[{"embeddable":true,"href":"http:\/\/toideurope.eu\/index.php\/wp-json\/wp\/v2\/users\/1"}],"replies":[{"embeddable":true,"href":"http:\/\/toideurope.eu\/index.php\/wp-json\/wp\/v2\/comments?post=95"}],"version-history":[{"count":16,"href":"http:\/\/toideurope.eu\/index.php\/wp-json\/wp\/v2\/pages\/95\/revisions"}],"predecessor-version":[{"id":1506,"href":"http:\/\/toideurope.eu\/index.php\/wp-json\/wp\/v2\/pages\/95\/revisions\/1506"}],"wp:attachment":[{"href":"http:\/\/toideurope.eu\/index.php\/wp-json\/wp\/v2\/media?parent=95"}],"curies":[{"name":"wp","href":"https:\/\/api.w.org\/{rel}","templated":true}]}}